{"id":400,"date":"2018-09-21T11:59:34","date_gmt":"2018-09-21T09:59:34","guid":{"rendered":"https:\/\/graduate.newrest.eu\/agenda\/"},"modified":"2019-09-05T12:16:21","modified_gmt":"2019-09-05T10:16:21","slug":"agenda","status":"publish","type":"page","link":"https:\/\/graduate.newrest.eu\/es\/agenda\/","title":{"rendered":"Agenda"},"content":{"rendered":"<p>Tout au long de l\u2019ann\u00e9e, l\u2019\u00e9quipe des Ressources Humaines part \u00e0 la rencontre des jeunes talents pour \u00e9changer sur les sp\u00e9cificit\u00e9s du Groupe Newrest.<\/p>\n","protected":false},"excerpt":{"rendered":"<p>Tout au long de l\u2019ann\u00e9e, l\u2019\u00e9quipe des Ressources Humaines part \u00e0 la rencontre des jeunes talents pour \u00e9changer sur les sp\u00e9cificit\u00e9s du Groupe Newrest.<\/p>\n","protected":false},"author":9,"featured_media":0,"parent":0,"menu_order":0,"comment_status":"closed","ping_status":"closed","template":"page-agenda.php","meta":{"footnotes":""},"class_list":["post-400","page","type-page","status-publish","hentry"],"_links":{"self":[{"href":"https:\/\/graduate.newrest.eu\/es\/wp-json\/wp\/v2\/pages\/400","targetHints":{"allow":["GET"]}}],"collection":[{"href":"https:\/\/graduate.newrest.eu\/es\/wp-json\/wp\/v2\/pages"}],"about":[{"href":"https:\/\/graduate.newrest.eu\/es\/wp-json\/wp\/v2\/types\/page"}],"author":[{"embeddable":true,"href":"https:\/\/graduate.newrest.eu\/es\/wp-json\/wp\/v2\/users\/9"}],"replies":[{"embeddable":true,"href":"https:\/\/graduate.newrest.eu\/es\/wp-json\/wp\/v2\/comments?post=400"}],"version-history":[{"count":0,"href":"https:\/\/graduate.newrest.eu\/es\/wp-json\/wp\/v2\/pages\/400\/revisions"}],"wp:attachment":[{"href":"https:\/\/graduate.newrest.eu\/es\/wp-json\/wp\/v2\/media?parent=400"}],"curies":[{"name":"wp","href":"https:\/\/api.w.org\/{rel}","templated":true}]}}